{"id":19094,"date":"2026-01-20T19:53:36","date_gmt":"2026-01-20T11:53:36","guid":{"rendered":"https:\/\/phuquoc.newworldhotels.com\/en\/facilities\/sun-phuquoc-airways\/"},"modified":"2026-01-26T10:06:11","modified_gmt":"2026-01-26T02:06:11","slug":"sun-phuquoc-airways","status":"publish","type":"page","link":"https:\/\/phuquoc.newworldhotels.com\/vi\/destinations\/sun-phuquoc-airways\/","title":{"rendered":"Sun PhuQuoc Airways"},"content":{"rendered":"\n<p class=\"has-text-align-center wp-block-paragraph\">Sun PhuQuoc Airways kh\u1eafc h\u1ecda Ph\u00fa Qu\u1ed1c nh\u01b0 m\u1ed9t \u0111i\u1ec3m \u0111\u1ebfn \u0111ang v\u01b0\u01a1n m\u00ecnh \u0111\u1ea7y \u1ea5n t\u01b0\u1ee3ng, \u0111\u1ed3ng th\u1eddi ph\u1ea3n \u00e1nh vai tr\u00f2 ng\u00e0y c\u00e0ng quan tr\u1ecdng c\u1ee7a \u0111\u1ea3o Ng\u1ecdc trong vi\u1ec7c k\u1ebft n\u1ed1i Vi\u1ec7t Nam v\u1edbi th\u1ebf gi\u1edbi.<\/p>\n\n\n\n<div style=\"height:var(--wp--preset--spacing--x-small)\" aria-hidden=\"true\" class=\"wp-block-spacer\"><\/div>\n\n\n\n<div class=\"wp-block-group has-global-padding is-layout-constrained wp-block-group-is-layout-constrained\">\n<figure class=\"wp-block-image aligncenter size-large is-resized\"><img data-recalc-dims=\"1\" loading=\"lazy\" decoding=\"async\" width=\"950\" height=\"634\" src=\"https:\/\/i0.wp.com\/phuquoc.newworldhotels.com\/en\/wp-content\/uploads\/2026\/01\/Overview-Sun-PhuQuoc-Airways-1-1024x683.jpg?resize=950%2C634&#038;ssl=1\" alt=\"\" class=\"wp-image-18983\" style=\"width:1140px;height:auto\" srcset=\"https:\/\/i0.wp.com\/phuquoc.newworldhotels.com\/wp-content\/uploads\/2026\/01\/Overview-Sun-PhuQuoc-Airways-1.jpg?resize=1024%2C683&amp;ssl=1 1024w, https:\/\/i0.wp.com\/phuquoc.newworldhotels.com\/wp-content\/uploads\/2026\/01\/Overview-Sun-PhuQuoc-Airways-1.jpg?resize=300%2C200&amp;ssl=1 300w, https:\/\/i0.wp.com\/phuquoc.newworldhotels.com\/wp-content\/uploads\/2026\/01\/Overview-Sun-PhuQuoc-Airways-1.jpg?resize=600%2C400&amp;ssl=1 600w, https:\/\/i0.wp.com\/phuquoc.newworldhotels.com\/wp-content\/uploads\/2026\/01\/Overview-Sun-PhuQuoc-Airways-1.jpg?resize=1200%2C800&amp;ssl=1 1200w, https:\/\/i0.wp.com\/phuquoc.newworldhotels.com\/wp-content\/uploads\/2026\/01\/Overview-Sun-PhuQuoc-Airways-1.jpg?w=1600&amp;ssl=1 1600w\" sizes=\"auto, (max-width: 950px) 100vw, 950px\" \/><\/figure>\n\n\n\n<div style=\"height:var(--wp--preset--spacing--x-small)\" aria-hidden=\"true\" class=\"wp-block-spacer\"><\/div>\n<\/div>\n\n\n\n<div class=\"wp-block-group alignfull has-background has-global-padding is-layout-constrained wp-block-group-is-layout-constrained\" style=\"background-color:#f8f8f8;padding-top:var(--wp--preset--spacing--medium);padding-bottom:var(--wp--preset--spacing--medium)\">\n<div class=\"wp-block-media-text has-media-on-the-right is-stacked-on-mobile\"><div class=\"wp-block-media-text__content\">\n<p class=\"wp-block-paragraph\">L\u1ea5y s\u1ef1 tho\u1ea3i m\u00e1i, t\u1ed1i gi\u1ea3n v\u00e0 hi\u1ec7u qu\u1ea3 l\u00e0m tr\u1ecdng t\u00e2m, tr\u1ea3i nghi\u1ec7m bay \u0111\u01b0\u1ee3c t\u1ea1o n\u00ean t\u1eeb h\u1ec7 th\u1ed1ng c\u01a1 s\u1edf v\u1eadt ch\u1ea5t \u0111\u01b0\u1ee3c quy ho\u1ea1ch tinh t\u1ebf, kh\u00f4ng gian cabin trang nh\u00e3 c\u00f9ng phong c\u00e1ch ph\u1ee5c v\u1ee5 \u00e2n c\u1ea7n, \u1ea5m \u00e1p. T\u1eebng chi ti\u1ebft \u0111\u1ec1u \u0111\u01b0\u1ee3c ch\u0103m ch\u00fat \u0111\u1ec3 lan t\u1ecfa tr\u1ecdn v\u1eb9n tinh th\u1ea7n hi\u1ebfu kh\u00e1ch Vi\u1ec7t Nam &#8211; nh\u1eb9 nh\u00e0ng, ch\u00e2n th\u00e0nh v\u00e0 b\u1ec1n b\u1ec9, t\u1eeb kho\u1ea3nh kh\u1eafc c\u1ea5t c\u00e1nh cho \u0111\u1ebfn khi h\u00e0nh tr\u00ecnh kh\u00e9p l\u1ea1i sau h\u1ea1 c\u00e1nh.<\/p>\n\n\n\n<p class=\"wp-block-paragraph\">\u0110\u1ec3 bi\u1ebft th\u00eam th\u00f4ng tin, vui l\u00f2ng xem th\u00eam <strong><a href=\"https:\/\/www.sunphuquocairways.com\/gl\/en\" target=\"_blank\" rel=\"noreferrer noopener\">T\u1ea0I \u0110\u00c2Y<\/a><\/strong>.<\/p>\n<\/div><figure class=\"wp-block-media-text__media\"><img data-recalc-dims=\"1\" loading=\"lazy\" decoding=\"async\" width=\"950\" height=\"635\" src=\"https:\/\/i0.wp.com\/phuquoc.newworldhotels.com\/en\/wp-content\/uploads\/2026\/01\/Feature-photo-1-Sun-PhuQuoc-Airways-1024x685.jpg?resize=950%2C635&#038;ssl=1\" alt=\"\" class=\"wp-image-18981 size-full\" srcset=\"https:\/\/i0.wp.com\/phuquoc.newworldhotels.com\/wp-content\/uploads\/2026\/01\/Feature-photo-1-Sun-PhuQuoc-Airways.jpg?resize=1024%2C685&amp;ssl=1 1024w, https:\/\/i0.wp.com\/phuquoc.newworldhotels.com\/wp-content\/uploads\/2026\/01\/Feature-photo-1-Sun-PhuQuoc-Airways.jpg?resize=300%2C201&amp;ssl=1 300w, https:\/\/i0.wp.com\/phuquoc.newworldhotels.com\/wp-content\/uploads\/2026\/01\/Feature-photo-1-Sun-PhuQuoc-Airways.jpg?resize=600%2C400&amp;ssl=1 600w, https:\/\/i0.wp.com\/phuquoc.newworldhotels.com\/wp-content\/uploads\/2026\/01\/Feature-photo-1-Sun-PhuQuoc-Airways.jpg?w=1280&amp;ssl=1 1280w\" sizes=\"auto, (max-width: 950px) 100vw, 950px\" \/><\/figure><\/div>\n<\/div>\n\n\n\n<div style=\"height:var(--wp--preset--spacing--small)\" aria-hidden=\"true\" class=\"wp-block-spacer\"><\/div>\n\n\n\n<p class=\"wp-block-paragraph\"><\/p>\n","protected":false},"excerpt":{"rendered":"<p>Sun PhuQuoc Airways kh\u1eafc h\u1ecda Ph\u00fa Qu\u1ed1c nh\u01b0 m\u1ed9t \u0111i\u1ec3m \u0111\u1ebfn \u0111ang v\u01b0\u01a1n m\u00ecnh \u0111\u1ea7y \u1ea5n t\u01b0\u1ee3ng, \u0111\u1ed3ng th\u1eddi ph\u1ea3n \u00e1nh vai tr\u00f2 ng\u00e0y c\u00e0ng quan tr\u1ecdng c\u1ee7a \u0111\u1ea3o Ng\u1ecdc trong vi\u1ec7c k\u1ebft n\u1ed1i Vi\u1ec7t Nam v\u1edbi th\u1ebf gi\u1edbi. L\u1ea5y s\u1ef1 tho\u1ea3i m\u00e1i, t\u1ed1i gi\u1ea3n v\u00e0 hi\u1ec7u qu\u1ea3 l\u00e0m tr\u1ecdng t\u00e2m, tr\u1ea3i nghi\u1ec7m bay \u0111\u01b0\u1ee3c &hellip; <\/p>\n<p class=\"link-more\"><a href=\"https:\/\/phuquoc.newworldhotels.com\/vi\/destinations\/sun-phuquoc-airways\/\" class=\"more-link\">Read more<span class=\"screen-reader-text\"> &#8220;Sun PhuQuoc Airways&#8221;<\/span><\/a><\/p>\n","protected":false},"author":256764880,"featured_media":19096,"parent":13954,"menu_order":0,"comment_status":"closed","ping_status":"closed","template":"","meta":{"_acf_changed":false,"_crdt_document":"","jetpack_post_was_ever_published":false,"footnotes":""},"class_list":["post-19094","page","type-page","status-publish","has-post-thumbnail","hentry"],"acf":[],"yoast_head":"<!-- This site is optimized with the Yoast SEO Premium plugin v25.9 (Yoast SEO v27.3) - https:\/\/yoast.com\/product\/yoast-seo-premium-wordpress\/ -->\n<title>Sun PhuQuoc Airways - New World Phu Quoc Resort<\/title>\n<meta name=\"robots\" content=\"index, follow, max-snippet:-1, max-image-preview:large, max-video-preview:-1\" \/>\n<link rel=\"canonical\" href=\"https:\/\/phuquoc.newworldhotels.com\/vi\/destinations\/sun-phuquoc-airways\/\" \/>\n<meta property=\"og:locale\" content=\"vi_VN\" \/>\n<meta property=\"og:type\" content=\"article\" \/>\n<meta property=\"og:title\" content=\"Sun PhuQuoc Airways\" \/>\n<meta property=\"og:description\" content=\"Sun PhuQuoc Airways kh\u1eafc h\u1ecda Ph\u00fa Qu\u1ed1c nh\u01b0 m\u1ed9t \u0111i\u1ec3m \u0111\u1ebfn \u0111ang v\u01b0\u01a1n m\u00ecnh \u0111\u1ea7y \u1ea5n t\u01b0\u1ee3ng, \u0111\u1ed3ng th\u1eddi ph\u1ea3n \u00e1nh vai tr\u00f2 ng\u00e0y c\u00e0ng quan tr\u1ecdng c\u1ee7a \u0111\u1ea3o Ng\u1ecdc trong vi\u1ec7c k\u1ebft n\u1ed1i Vi\u1ec7t Nam v\u1edbi th\u1ebf gi\u1edbi. L\u1ea5y s\u1ef1 tho\u1ea3i m\u00e1i, t\u1ed1i gi\u1ea3n v\u00e0 hi\u1ec7u qu\u1ea3 l\u00e0m tr\u1ecdng t\u00e2m, tr\u1ea3i nghi\u1ec7m bay \u0111\u01b0\u1ee3c &hellip; Read more &quot;Sun PhuQuoc Airways&quot;\" \/>\n<meta property=\"og:url\" content=\"https:\/\/phuquoc.newworldhotels.com\/vi\/destinations\/sun-phuquoc-airways\/\" \/>\n<meta property=\"og:site_name\" content=\"New World Phu Quoc Resort\" \/>\n<meta property=\"article:modified_time\" content=\"2026-01-26T02:06:11+00:00\" \/>\n<meta property=\"og:image\" content=\"https:\/\/i0.wp.com\/phuquoc.newworldhotels.com\/wp-content\/uploads\/2026\/01\/Hero-Sun-PhuQuoc-Airways.png?fit=1200%2C630&ssl=1\" \/>\n\t<meta property=\"og:image:width\" content=\"1200\" \/>\n\t<meta property=\"og:image:height\" content=\"630\" \/>\n\t<meta property=\"og:image:type\" content=\"image\/png\" \/>\n<meta name=\"twitter:card\" content=\"summary_large_image\" \/>\n<meta name=\"twitter:label1\" content=\"Est. reading time\" \/>\n\t<meta name=\"twitter:data1\" content=\"2 minutes\" \/>\n<script type=\"application\/ld+json\" class=\"yoast-schema-graph\">{\"@context\":\"https:\\\/\\\/schema.org\",\"@graph\":[{\"@type\":\"WebPage\",\"@id\":\"https:\\\/\\\/phuquoc.newworldhotels.com\\\/vi\\\/destinations\\\/sun-phuquoc-airways\\\/\",\"url\":\"https:\\\/\\\/phuquoc.newworldhotels.com\\\/vi\\\/destinations\\\/sun-phuquoc-airways\\\/\",\"name\":\"Sun PhuQuoc Airways - New World Phu Quoc Resort\",\"isPartOf\":{\"@id\":\"https:\\\/\\\/phuquoc.newworldhotels.com\\\/ko\\\/#website\"},\"primaryImageOfPage\":{\"@id\":\"https:\\\/\\\/phuquoc.newworldhotels.com\\\/vi\\\/destinations\\\/sun-phuquoc-airways\\\/#primaryimage\"},\"image\":{\"@id\":\"https:\\\/\\\/phuquoc.newworldhotels.com\\\/vi\\\/destinations\\\/sun-phuquoc-airways\\\/#primaryimage\"},\"thumbnailUrl\":\"https:\\\/\\\/i0.wp.com\\\/phuquoc.newworldhotels.com\\\/wp-content\\\/uploads\\\/2026\\\/01\\\/Hero-Sun-PhuQuoc-Airways.png?fit=1200%2C630&ssl=1\",\"datePublished\":\"2026-01-20T11:53:36+00:00\",\"dateModified\":\"2026-01-26T02:06:11+00:00\",\"breadcrumb\":{\"@id\":\"https:\\\/\\\/phuquoc.newworldhotels.com\\\/vi\\\/destinations\\\/sun-phuquoc-airways\\\/#breadcrumb\"},\"inLanguage\":\"vi-VN\",\"potentialAction\":[{\"@type\":\"ReadAction\",\"target\":[\"https:\\\/\\\/phuquoc.newworldhotels.com\\\/vi\\\/destinations\\\/sun-phuquoc-airways\\\/\"]}]},{\"@type\":\"ImageObject\",\"inLanguage\":\"vi-VN\",\"@id\":\"https:\\\/\\\/phuquoc.newworldhotels.com\\\/vi\\\/destinations\\\/sun-phuquoc-airways\\\/#primaryimage\",\"url\":\"https:\\\/\\\/i0.wp.com\\\/phuquoc.newworldhotels.com\\\/wp-content\\\/uploads\\\/2026\\\/01\\\/Hero-Sun-PhuQuoc-Airways.png?fit=1200%2C630&ssl=1\",\"contentUrl\":\"https:\\\/\\\/i0.wp.com\\\/phuquoc.newworldhotels.com\\\/wp-content\\\/uploads\\\/2026\\\/01\\\/Hero-Sun-PhuQuoc-Airways.png?fit=1200%2C630&ssl=1\",\"width\":1200,\"height\":630},{\"@type\":\"BreadcrumbList\",\"@id\":\"https:\\\/\\\/phuquoc.newworldhotels.com\\\/vi\\\/destinations\\\/sun-phuquoc-airways\\\/#breadcrumb\",\"itemListElement\":[{\"@type\":\"ListItem\",\"position\":1,\"name\":\"Home\",\"item\":\"https:\\\/\\\/phuquoc.newworldhotels.com\\\/vi\\\/\"},{\"@type\":\"ListItem\",\"position\":2,\"name\":\"\u0110i\u1ec3m \u0111\u1ebfn\",\"item\":\"https:\\\/\\\/phuquoc.newworldhotels.com\\\/vi\\\/destinations\\\/\"},{\"@type\":\"ListItem\",\"position\":3,\"name\":\"Sun PhuQuoc Airways\"}]},{\"@type\":\"WebSite\",\"@id\":\"https:\\\/\\\/phuquoc.newworldhotels.com\\\/ko\\\/#website\",\"url\":\"https:\\\/\\\/phuquoc.newworldhotels.com\\\/ko\\\/\",\"name\":\"New World Phu Quoc Resort\",\"description\":\"\",\"potentialAction\":[{\"@type\":\"SearchAction\",\"target\":{\"@type\":\"EntryPoint\",\"urlTemplate\":\"https:\\\/\\\/phuquoc.newworldhotels.com\\\/ko\\\/?s={search_term_string}\"},\"query-input\":{\"@type\":\"PropertyValueSpecification\",\"valueRequired\":true,\"valueName\":\"search_term_string\"}}],\"inLanguage\":\"vi-VN\"}]}<\/script>\n<!-- \/ Yoast SEO Premium plugin. -->","yoast_head_json":{"title":"Sun PhuQuoc Airways - New World Phu Quoc Resort","robots":{"index":"index","follow":"follow","max-snippet":"max-snippet:-1","max-image-preview":"max-image-preview:large","max-video-preview":"max-video-preview:-1"},"canonical":"https:\/\/phuquoc.newworldhotels.com\/vi\/destinations\/sun-phuquoc-airways\/","og_locale":"vi_VN","og_type":"article","og_title":"Sun PhuQuoc Airways","og_description":"Sun PhuQuoc Airways kh\u1eafc h\u1ecda Ph\u00fa Qu\u1ed1c nh\u01b0 m\u1ed9t \u0111i\u1ec3m \u0111\u1ebfn \u0111ang v\u01b0\u01a1n m\u00ecnh \u0111\u1ea7y \u1ea5n t\u01b0\u1ee3ng, \u0111\u1ed3ng th\u1eddi ph\u1ea3n \u00e1nh vai tr\u00f2 ng\u00e0y c\u00e0ng quan tr\u1ecdng c\u1ee7a \u0111\u1ea3o Ng\u1ecdc trong vi\u1ec7c k\u1ebft n\u1ed1i Vi\u1ec7t Nam v\u1edbi th\u1ebf gi\u1edbi. L\u1ea5y s\u1ef1 tho\u1ea3i m\u00e1i, t\u1ed1i gi\u1ea3n v\u00e0 hi\u1ec7u qu\u1ea3 l\u00e0m tr\u1ecdng t\u00e2m, tr\u1ea3i nghi\u1ec7m bay \u0111\u01b0\u1ee3c &hellip; Read more \"Sun PhuQuoc Airways\"","og_url":"https:\/\/phuquoc.newworldhotels.com\/vi\/destinations\/sun-phuquoc-airways\/","og_site_name":"New World Phu Quoc Resort","article_modified_time":"2026-01-26T02:06:11+00:00","og_image":[{"width":1200,"height":630,"url":"https:\/\/i0.wp.com\/phuquoc.newworldhotels.com\/wp-content\/uploads\/2026\/01\/Hero-Sun-PhuQuoc-Airways.png?fit=1200%2C630&ssl=1","type":"image\/png"}],"twitter_card":"summary_large_image","twitter_misc":{"Est. reading time":"2 minutes"},"schema":{"@context":"https:\/\/schema.org","@graph":[{"@type":"WebPage","@id":"https:\/\/phuquoc.newworldhotels.com\/vi\/destinations\/sun-phuquoc-airways\/","url":"https:\/\/phuquoc.newworldhotels.com\/vi\/destinations\/sun-phuquoc-airways\/","name":"Sun PhuQuoc Airways - New World Phu Quoc Resort","isPartOf":{"@id":"https:\/\/phuquoc.newworldhotels.com\/ko\/#website"},"primaryImageOfPage":{"@id":"https:\/\/phuquoc.newworldhotels.com\/vi\/destinations\/sun-phuquoc-airways\/#primaryimage"},"image":{"@id":"https:\/\/phuquoc.newworldhotels.com\/vi\/destinations\/sun-phuquoc-airways\/#primaryimage"},"thumbnailUrl":"https:\/\/i0.wp.com\/phuquoc.newworldhotels.com\/wp-content\/uploads\/2026\/01\/Hero-Sun-PhuQuoc-Airways.png?fit=1200%2C630&ssl=1","datePublished":"2026-01-20T11:53:36+00:00","dateModified":"2026-01-26T02:06:11+00:00","breadcrumb":{"@id":"https:\/\/phuquoc.newworldhotels.com\/vi\/destinations\/sun-phuquoc-airways\/#breadcrumb"},"inLanguage":"vi-VN","potentialAction":[{"@type":"ReadAction","target":["https:\/\/phuquoc.newworldhotels.com\/vi\/destinations\/sun-phuquoc-airways\/"]}]},{"@type":"ImageObject","inLanguage":"vi-VN","@id":"https:\/\/phuquoc.newworldhotels.com\/vi\/destinations\/sun-phuquoc-airways\/#primaryimage","url":"https:\/\/i0.wp.com\/phuquoc.newworldhotels.com\/wp-content\/uploads\/2026\/01\/Hero-Sun-PhuQuoc-Airways.png?fit=1200%2C630&ssl=1","contentUrl":"https:\/\/i0.wp.com\/phuquoc.newworldhotels.com\/wp-content\/uploads\/2026\/01\/Hero-Sun-PhuQuoc-Airways.png?fit=1200%2C630&ssl=1","width":1200,"height":630},{"@type":"BreadcrumbList","@id":"https:\/\/phuquoc.newworldhotels.com\/vi\/destinations\/sun-phuquoc-airways\/#breadcrumb","itemListElement":[{"@type":"ListItem","position":1,"name":"Home","item":"https:\/\/phuquoc.newworldhotels.com\/vi\/"},{"@type":"ListItem","position":2,"name":"\u0110i\u1ec3m \u0111\u1ebfn","item":"https:\/\/phuquoc.newworldhotels.com\/vi\/destinations\/"},{"@type":"ListItem","position":3,"name":"Sun PhuQuoc Airways"}]},{"@type":"WebSite","@id":"https:\/\/phuquoc.newworldhotels.com\/ko\/#website","url":"https:\/\/phuquoc.newworldhotels.com\/ko\/","name":"New World Phu Quoc Resort","description":"","potentialAction":[{"@type":"SearchAction","target":{"@type":"EntryPoint","urlTemplate":"https:\/\/phuquoc.newworldhotels.com\/ko\/?s={search_term_string}"},"query-input":{"@type":"PropertyValueSpecification","valueRequired":true,"valueName":"search_term_string"}}],"inLanguage":"vi-VN"}]}},"jetpack_sharing_enabled":true,"jetpack_shortlink":"https:\/\/wp.me\/Pg5Xy9-4XY","featured_media_urls":{"thumbnail":["https:\/\/i0.wp.com\/phuquoc.newworldhotels.com\/wp-content\/uploads\/2026\/01\/Hero-Sun-PhuQuoc-Airways.png?resize=150%2C150&ssl=1",150,150,true],"medium":["https:\/\/i0.wp.com\/phuquoc.newworldhotels.com\/wp-content\/uploads\/2026\/01\/Hero-Sun-PhuQuoc-Airways.png?fit=300%2C158&ssl=1",300,158,true],"medium_large":["https:\/\/i0.wp.com\/phuquoc.newworldhotels.com\/wp-content\/uploads\/2026\/01\/Hero-Sun-PhuQuoc-Airways.png?fit=768%2C403&ssl=1",768,403,true],"large":["https:\/\/i0.wp.com\/phuquoc.newworldhotels.com\/wp-content\/uploads\/2026\/01\/Hero-Sun-PhuQuoc-Airways.png?fit=950%2C499&ssl=1",950,499,true],"1536x1536":["https:\/\/i0.wp.com\/phuquoc.newworldhotels.com\/wp-content\/uploads\/2026\/01\/Hero-Sun-PhuQuoc-Airways.png?fit=1200%2C630&ssl=1",1200,630,true],"2048x2048":["https:\/\/i0.wp.com\/phuquoc.newworldhotels.com\/wp-content\/uploads\/2026\/01\/Hero-Sun-PhuQuoc-Airways.png?fit=1200%2C630&ssl=1",1200,630,true],"newspack-article-block-landscape-large":["https:\/\/i0.wp.com\/phuquoc.newworldhotels.com\/wp-content\/uploads\/2026\/01\/Hero-Sun-PhuQuoc-Airways.png?resize=1200%2C630&ssl=1",1200,630,true],"newspack-article-block-portrait-large":["https:\/\/i0.wp.com\/phuquoc.newworldhotels.com\/wp-content\/uploads\/2026\/01\/Hero-Sun-PhuQuoc-Airways.png?resize=900%2C630&ssl=1",900,630,true],"newspack-article-block-square-large":["https:\/\/i0.wp.com\/phuquoc.newworldhotels.com\/wp-content\/uploads\/2026\/01\/Hero-Sun-PhuQuoc-Airways.png?resize=1200%2C630&ssl=1",1200,630,true],"newspack-article-block-landscape-medium":["https:\/\/i0.wp.com\/phuquoc.newworldhotels.com\/wp-content\/uploads\/2026\/01\/Hero-Sun-PhuQuoc-Airways.png?resize=800%2C600&ssl=1",800,600,true],"newspack-article-block-portrait-medium":["https:\/\/i0.wp.com\/phuquoc.newworldhotels.com\/wp-content\/uploads\/2026\/01\/Hero-Sun-PhuQuoc-Airways.png?resize=600%2C630&ssl=1",600,630,true],"newspack-article-block-square-medium":["https:\/\/i0.wp.com\/phuquoc.newworldhotels.com\/wp-content\/uploads\/2026\/01\/Hero-Sun-PhuQuoc-Airways.png?resize=800%2C630&ssl=1",800,630,true],"newspack-article-block-landscape-intermediate":["https:\/\/i0.wp.com\/phuquoc.newworldhotels.com\/wp-content\/uploads\/2026\/01\/Hero-Sun-PhuQuoc-Airways.png?resize=600%2C450&ssl=1",600,450,true],"newspack-article-block-portrait-intermediate":["https:\/\/i0.wp.com\/phuquoc.newworldhotels.com\/wp-content\/uploads\/2026\/01\/Hero-Sun-PhuQuoc-Airways.png?resize=450%2C600&ssl=1",450,600,true],"newspack-article-block-square-intermediate":["https:\/\/i0.wp.com\/phuquoc.newworldhotels.com\/wp-content\/uploads\/2026\/01\/Hero-Sun-PhuQuoc-Airways.png?resize=600%2C600&ssl=1",600,600,true],"newspack-article-block-landscape-small":["https:\/\/i0.wp.com\/phuquoc.newworldhotels.com\/wp-content\/uploads\/2026\/01\/Hero-Sun-PhuQuoc-Airways.png?resize=400%2C300&ssl=1",400,300,true],"newspack-article-block-portrait-small":["https:\/\/i0.wp.com\/phuquoc.newworldhotels.com\/wp-content\/uploads\/2026\/01\/Hero-Sun-PhuQuoc-Airways.png?resize=300%2C400&ssl=1",300,400,true],"newspack-article-block-square-small":["https:\/\/i0.wp.com\/phuquoc.newworldhotels.com\/wp-content\/uploads\/2026\/01\/Hero-Sun-PhuQuoc-Airways.png?resize=400%2C400&ssl=1",400,400,true],"newspack-article-block-landscape-tiny":["https:\/\/i0.wp.com\/phuquoc.newworldhotels.com\/wp-content\/uploads\/2026\/01\/Hero-Sun-PhuQuoc-Airways.png?resize=200%2C150&ssl=1",200,150,true],"newspack-article-block-portrait-tiny":["https:\/\/i0.wp.com\/phuquoc.newworldhotels.com\/wp-content\/uploads\/2026\/01\/Hero-Sun-PhuQuoc-Airways.png?resize=150%2C200&ssl=1",150,200,true],"newspack-article-block-square-tiny":["https:\/\/i0.wp.com\/phuquoc.newworldhotels.com\/wp-content\/uploads\/2026\/01\/Hero-Sun-PhuQuoc-Airways.png?resize=200%2C200&ssl=1",200,200,true],"newspack-article-block-uncropped":["https:\/\/i0.wp.com\/phuquoc.newworldhotels.com\/wp-content\/uploads\/2026\/01\/Hero-Sun-PhuQuoc-Airways.png?fit=1200%2C630&ssl=1",1200,630,true],"inspiro-featured-image":["https:\/\/i0.wp.com\/phuquoc.newworldhotels.com\/wp-content\/uploads\/2026\/01\/Hero-Sun-PhuQuoc-Airways.png?fit=1200%2C630&ssl=1",1200,630,true],"inspiro-loop":["https:\/\/i0.wp.com\/phuquoc.newworldhotels.com\/wp-content\/uploads\/2026\/01\/Hero-Sun-PhuQuoc-Airways.png?resize=950%2C320&ssl=1",950,320,true],"inspiro-loop@2x":["https:\/\/i0.wp.com\/phuquoc.newworldhotels.com\/wp-content\/uploads\/2026\/01\/Hero-Sun-PhuQuoc-Airways.png?resize=1200%2C630&ssl=1",1200,630,true],"portfolio_item-thumbnail":["https:\/\/i0.wp.com\/phuquoc.newworldhotels.com\/wp-content\/uploads\/2026\/01\/Hero-Sun-PhuQuoc-Airways.png?resize=600%2C400&ssl=1",600,400,true],"portfolio_item-thumbnail@2x":["https:\/\/i0.wp.com\/phuquoc.newworldhotels.com\/wp-content\/uploads\/2026\/01\/Hero-Sun-PhuQuoc-Airways.png?resize=1200%2C630&ssl=1",1200,630,true],"portfolio_item-masonry":["https:\/\/i0.wp.com\/phuquoc.newworldhotels.com\/wp-content\/uploads\/2026\/01\/Hero-Sun-PhuQuoc-Airways.png?fit=600%2C315&ssl=1",600,315,true],"portfolio_item-masonry@2x":["https:\/\/i0.wp.com\/phuquoc.newworldhotels.com\/wp-content\/uploads\/2026\/01\/Hero-Sun-PhuQuoc-Airways.png?fit=1200%2C630&ssl=1",1200,630,true],"portfolio_item-thumbnail_cinema":["https:\/\/i0.wp.com\/phuquoc.newworldhotels.com\/wp-content\/uploads\/2026\/01\/Hero-Sun-PhuQuoc-Airways.png?resize=800%2C335&ssl=1",800,335,true],"portfolio_item-thumbnail_portrait":["https:\/\/i0.wp.com\/phuquoc.newworldhotels.com\/wp-content\/uploads\/2026\/01\/Hero-Sun-PhuQuoc-Airways.png?resize=600%2C630&ssl=1",600,630,true],"portfolio_item-thumbnail_portrait@2x":["https:\/\/i0.wp.com\/phuquoc.newworldhotels.com\/wp-content\/uploads\/2026\/01\/Hero-Sun-PhuQuoc-Airways.png?resize=1200%2C630&ssl=1",1200,630,true],"portfolio_item-thumbnail_square":["https:\/\/i0.wp.com\/phuquoc.newworldhotels.com\/wp-content\/uploads\/2026\/01\/Hero-Sun-PhuQuoc-Airways.png?resize=800%2C630&ssl=1",800,630,true]},"_links":{"self":[{"href":"https:\/\/phuquoc.newworldhotels.com\/vi\/wp-json\/wp\/v2\/pages\/19094","targetHints":{"allow":["GET"]}}],"collection":[{"href":"https:\/\/phuquoc.newworldhotels.com\/vi\/wp-json\/wp\/v2\/pages"}],"about":[{"href":"https:\/\/phuquoc.newworldhotels.com\/vi\/wp-json\/wp\/v2\/types\/page"}],"author":[{"embeddable":true,"href":"https:\/\/phuquoc.newworldhotels.com\/vi\/wp-json\/wp\/v2\/users\/256764880"}],"replies":[{"embeddable":true,"href":"https:\/\/phuquoc.newworldhotels.com\/vi\/wp-json\/wp\/v2\/comments?post=19094"}],"version-history":[{"count":2,"href":"https:\/\/phuquoc.newworldhotels.com\/vi\/wp-json\/wp\/v2\/pages\/19094\/revisions"}],"predecessor-version":[{"id":19229,"href":"https:\/\/phuquoc.newworldhotels.com\/vi\/wp-json\/wp\/v2\/pages\/19094\/revisions\/19229"}],"up":[{"embeddable":true,"href":"https:\/\/phuquoc.newworldhotels.com\/vi\/wp-json\/wp\/v2\/pages\/13954"}],"wp:featuredmedia":[{"embeddable":true,"href":"https:\/\/phuquoc.newworldhotels.com\/vi\/wp-json\/wp\/v2\/media\/19096"}],"wp:attachment":[{"href":"https:\/\/phuquoc.newworldhotels.com\/vi\/wp-json\/wp\/v2\/media?parent=19094"}],"curies":[{"name":"wp","href":"https:\/\/api.w.org\/{rel}","templated":true}]}}